{"id":11399,"date":"2025-03-17T11:33:36","date_gmt":"2025-03-17T10:33:36","guid":{"rendered":"https:\/\/preprod-girasole.bleu122.com\/news\/"},"modified":"2026-03-13T16:33:13","modified_gmt":"2026-03-13T15:33:13","slug":"news","status":"publish","type":"page","link":"https:\/\/preprod-girasole.bleu122.com\/en\/news\/","title":{"rendered":"News"},"content":{"rendered":"\t\t<div data-elementor-type=\"wp-page\" data-elementor-id=\"11399\" class=\"elementor elementor-11399 elementor-6854\" data-elementor-post-type=\"page\">\n\t\t\t\t<div class=\"elementor-element elementor-element-201b614 e-flex e-con-boxed e-con e-parent\" data-id=\"201b614\" data-element_type=\"container\" data-settings=\"{&quot;background_background&quot;:&quot;classic&quot;}\">\n\t\t\t\t\t<div class=\"e-con-inner\">\n\t\t<div class=\"elementor-element elementor-element-30a4011 e-con-full e-flex e-con e-child\" data-id=\"30a4011\" data-element_type=\"container\" data-settings=\"{&quot;background_background&quot;:&quot;classic&quot;}\">\n\t\t\t\t<\/div>\n\t\t<div class=\"elementor-element elementor-element-17ebff1 e-con-full e-flex e-con e-child\" data-id=\"17ebff1\" data-element_type=\"container\">\n\t\t\t\t<\/div>\n\t\t\t\t\t<\/div>\n\t\t\t\t<\/div>\n\t\t<div class=\"elementor-element elementor-element-3bdbaf6 e-con-full e-flex e-con e-parent\" data-id=\"3bdbaf6\" data-element_type=\"container\">\n\t\t\t\t<div class=\"elementor-element elementor-element-b38e789 e-n-tabs-none elementor-widget-mobile__width-inherit elementor-widget elementor-widget-n-tabs\" data-id=\"b38e789\" data-element_type=\"widget\" data-settings=\"{&quot;tabs_justify_horizontal_mobile&quot;:&quot;center&quot;,&quot;horizontal_scroll_mobile&quot;:&quot;enable&quot;,&quot;horizontal_scroll&quot;:&quot;enable&quot;,&quot;tabs_justify_horizontal&quot;:&quot;center&quot;}\" data-widget_type=\"nested-tabs.default\">\n\t\t\t\t<div class=\"elementor-widget-container\">\n\t\t\t\t\t\t\t<div class=\"e-n-tabs\" data-widget-number=\"188278665\" aria-label=\"Tabs. Open items with Enter or Space, close with Escape and navigate using the Arrow keys.\">\n\t\t\t<div class=\"e-n-tabs-heading\" role=\"tablist\">\n\t\t\t\t\t<button id=\"e-n-tab-title-1882786651\" class=\"e-n-tab-title\" aria-selected=\"true\" data-tab-index=\"1\" role=\"tab\" tabindex=\"0\" aria-controls=\"e-n-tab-content-1882786651\" style=\"--n-tabs-title-order: 1;\">\n\t\t\t\t\t\t<span class=\"e-n-tab-title-text\">\n\t\t\t\tAll\t\t\t<\/span>\n\t\t<\/button>\n\t\t\t\t<button id=\"e-n-tab-title-1882786652\" class=\"e-n-tab-title\" aria-selected=\"false\" data-tab-index=\"2\" role=\"tab\" tabindex=\"-1\" aria-controls=\"e-n-tab-content-1882786652\" style=\"--n-tabs-title-order: 2;\">\n\t\t\t\t\t\t<span class=\"e-n-tab-title-text\">\n\t\t\t\tBlog\t\t\t<\/span>\n\t\t<\/button>\n\t\t\t\t<button id=\"e-n-tab-title-1882786653\" class=\"e-n-tab-title\" aria-selected=\"false\" data-tab-index=\"3\" role=\"tab\" tabindex=\"-1\" aria-controls=\"e-n-tab-content-1882786653\" style=\"--n-tabs-title-order: 3;\">\n\t\t\t\t\t\t<span class=\"e-n-tab-title-text\">\n\t\t\t\tEvent\t\t\t<\/span>\n\t\t<\/button>\n\t\t\t\t<button id=\"e-n-tab-title-1882786654\" class=\"e-n-tab-title\" aria-selected=\"false\" data-tab-index=\"4\" role=\"tab\" tabindex=\"-1\" aria-controls=\"e-n-tab-content-1882786654\" style=\"--n-tabs-title-order: 4;\">\n\t\t\t\t\t\t<span class=\"e-n-tab-title-text\">\n\t\t\t\tInauguration\t\t\t<\/span>\n\t\t<\/button>\n\t\t\t\t<button id=\"e-n-tab-title-1882786655\" class=\"e-n-tab-title\" aria-selected=\"false\" data-tab-index=\"5\" role=\"tab\" tabindex=\"-1\" aria-controls=\"e-n-tab-content-1882786655\" style=\"--n-tabs-title-order: 5;\">\n\t\t\t\t\t\t<span class=\"e-n-tab-title-text\">\n\t\t\t\tPress release\t\t\t<\/span>\n\t\t<\/button>\n\t\t\t\t<button id=\"e-n-tab-title-1882786656\" class=\"e-n-tab-title\" aria-selected=\"false\" data-tab-index=\"6\" role=\"tab\" tabindex=\"-1\" aria-controls=\"e-n-tab-content-1882786656\" style=\"--n-tabs-title-order: 6;\">\n\t\t\t\t\t\t<span class=\"e-n-tab-title-text\">\n\t\t\t\tOther\t\t\t<\/span>\n\t\t<\/button>\n\t\t\t\t\t<\/div>\n\t\t\t<div class=\"e-n-tabs-content\">\n\t\t\t\t<div id=\"e-n-tab-content-1882786651\" role=\"tabpanel\" aria-labelledby=\"e-n-tab-title-1882786651\" data-tab-index=\"1\" style=\"--n-tabs-title-order: 1;\" class=\"e-active elementor-element elementor-element-dfeebca e-flex e-con-boxed e-con e-child\" data-id=\"dfeebca\" data-element_type=\"container\">\n\t\t\t\t\t<div class=\"e-con-inner\">\n\t\t\t\t\t<\/div>\n\t\t\t\t<\/div>\n\t\t<div id=\"e-n-tab-content-1882786652\" role=\"tabpanel\" aria-labelledby=\"e-n-tab-title-1882786652\" data-tab-index=\"2\" style=\"--n-tabs-title-order: 2;\" class=\" elementor-element elementor-element-137b941 e-flex e-con-boxed e-con e-child\" data-id=\"137b941\" data-element_type=\"container\">\n\t\t\t\t\t<div class=\"e-con-inner\">\n\t\t\t\t\t<\/div>\n\t\t\t\t<\/div>\n\t\t<div id=\"e-n-tab-content-1882786653\" role=\"tabpanel\" aria-labelledby=\"e-n-tab-title-1882786653\" data-tab-index=\"3\" style=\"--n-tabs-title-order: 3;\" class=\" elementor-element elementor-element-db08546 e-flex e-con-boxed e-con e-child\" data-id=\"db08546\" data-element_type=\"container\">\n\t\t\t\t\t<div class=\"e-con-inner\">\n\t\t\t\t\t<\/div>\n\t\t\t\t<\/div>\n\t\t<div id=\"e-n-tab-content-1882786654\" role=\"tabpanel\" aria-labelledby=\"e-n-tab-title-1882786654\" data-tab-index=\"4\" style=\"--n-tabs-title-order: 4;\" class=\" elementor-element elementor-element-29b4b2a e-flex e-con-boxed e-con e-child\" data-id=\"29b4b2a\" data-element_type=\"container\">\n\t\t\t\t\t<div class=\"e-con-inner\">\n\t\t\t\t\t<\/div>\n\t\t\t\t<\/div>\n\t\t<div id=\"e-n-tab-content-1882786655\" role=\"tabpanel\" aria-labelledby=\"e-n-tab-title-1882786655\" data-tab-index=\"5\" style=\"--n-tabs-title-order: 5;\" class=\" elementor-element elementor-element-7cd58a3 e-flex e-con-boxed e-con e-child\" data-id=\"7cd58a3\" data-element_type=\"container\">\n\t\t\t\t\t<div class=\"e-con-inner\">\n\t\t\t\t\t<\/div>\n\t\t\t\t<\/div>\n\t\t<div id=\"e-n-tab-content-1882786656\" role=\"tabpanel\" aria-labelledby=\"e-n-tab-title-1882786656\" data-tab-index=\"6\" style=\"--n-tabs-title-order: 6;\" class=\" elementor-element elementor-element-7aa1fd1 e-flex e-con-boxed e-con e-child\" data-id=\"7aa1fd1\" data-element_type=\"container\">\n\t\t\t\t\t<div class=\"e-con-inner\">\n\t\t\t\t\t<\/div>\n\t\t\t\t<\/div>\n\t\t\t\t\t<\/div>\n\t\t<\/div>\n\t\t\t\t\t\t<\/div>\n\t\t\t\t<\/div>\n\t\t\t\t<\/div>\n\t\t\t\t<\/div>\n\t\t","protected":false},"excerpt":{"rendered":"<p>All Blog Event Inauguration Press release Other \u00c9v\u00e9nement Girasole Energies au EnerJ-meeting 2026 au Carrousel du Louvre 16 f\u00e9vrier 2026 Blog FAQ : 10 questions que se posent les dirigeants sur le solaire en entreprise 10 f\u00e9vrier 2026 \u00c9v\u00e9nement Partenariat maintenance photovolta\u00efque Girasole Energies &#038; Solstyce 3 f\u00e9vrier 2026 Blog Qu\u2019est-ce qu\u2019un Power Purchase Agreement [&hellip;]<\/p>\n","protected":false},"author":1,"featured_media":0,"parent":0,"menu_order":0,"comment_status":"closed","ping_status":"closed","template":"","meta":{"_acf_changed":false,"content-type":"","inline_featured_image":false,"footnotes":""},"categories":[],"tags":[],"class_list":["post-11399","page","type-page","status-publish","hentry"],"acf":[],"yoast_head":"<!-- This site is optimized with the Yoast SEO plugin v22.0 - https:\/\/yoast.com\/wordpress\/plugins\/seo\/ -->\n<title>News - GIRASOLE ENERGIES<\/title>\n<meta name=\"robots\" content=\"noindex, follow, max-snippet:-1, max-image-preview:large, max-video-preview:-1\" \/>\n<meta name=\"twitter:card\" content=\"summary_large_image\" \/>\n<meta name=\"twitter:title\" content=\"News - GIRASOLE ENERGIES\" \/>\n<meta name=\"twitter:description\" content=\"All Blog Event Inauguration Press release Other \u00c9v\u00e9nement Girasole Energies au EnerJ-meeting 2026 au Carrousel du Louvre 16 f\u00e9vrier 2026 Blog FAQ : 10 questions que se posent les dirigeants sur le solaire en entreprise 10 f\u00e9vrier 2026 \u00c9v\u00e9nement Partenariat maintenance photovolta\u00efque Girasole Energies &#038; Solstyce 3 f\u00e9vrier 2026 Blog Qu\u2019est-ce qu\u2019un Power Purchase Agreement [&hellip;]\" \/>\n<meta name=\"twitter:image\" content=\"https:\/\/preprod-girasole.bleu122.com\/wp-content\/uploads\/2026\/02\/girasole-energies-enerj-meeting-2026-conference-autoconsommation-scaled.jpeg\" \/>\n<meta name=\"twitter:label1\" content=\"Est. reading time\" \/>\n\t<meta name=\"twitter:data1\" content=\"10 minutes\" \/>\n<script type=\"application\/ld+json\" class=\"yoast-schema-graph\">{\"@context\":\"https:\/\/schema.org\",\"@graph\":[{\"@type\":\"WebPage\",\"@id\":\"https:\/\/preprod-girasole.bleu122.com\/en\/news\/\",\"url\":\"https:\/\/preprod-girasole.bleu122.com\/en\/news\/\",\"name\":\"News - GIRASOLE ENERGIES\",\"isPartOf\":{\"@id\":\"https:\/\/preprod-girasole.bleu122.com\/en\/#website\"},\"datePublished\":\"2025-03-17T10:33:36+00:00\",\"dateModified\":\"2026-03-13T15:33:13+00:00\",\"breadcrumb\":{\"@id\":\"https:\/\/preprod-girasole.bleu122.com\/en\/news\/#breadcrumb\"},\"inLanguage\":\"en-US\",\"potentialAction\":[{\"@type\":\"ReadAction\",\"target\":[\"https:\/\/preprod-girasole.bleu122.com\/en\/news\/\"]}]},{\"@type\":\"BreadcrumbList\",\"@id\":\"https:\/\/preprod-girasole.bleu122.com\/en\/news\/#breadcrumb\",\"itemListElement\":[{\"@type\":\"ListItem\",\"position\":1,\"name\":\"Accueil\",\"item\":\"https:\/\/preprod-girasole.bleu122.com\/en\/\"},{\"@type\":\"ListItem\",\"position\":2,\"name\":\"News\"}]},{\"@type\":\"WebSite\",\"@id\":\"https:\/\/preprod-girasole.bleu122.com\/en\/#website\",\"url\":\"https:\/\/preprod-girasole.bleu122.com\/en\/\",\"name\":\"GIRASOLE ENERGIES - Producteur ind\u00e9pendant d'\u00e9lectricit\u00e9 photovolta\u00efque\",\"description\":\"Producteur ind\u00e9pendant d&#039;\u00e9lectricit\u00e9 photovolta\u00efque\",\"publisher\":{\"@id\":\"https:\/\/preprod-girasole.bleu122.com\/en\/#organization\"},\"potentialAction\":[{\"@type\":\"SearchAction\",\"target\":{\"@type\":\"EntryPoint\",\"urlTemplate\":\"https:\/\/preprod-girasole.bleu122.com\/en\/?s={search_term_string}\"},\"query-input\":\"required name=search_term_string\"}],\"inLanguage\":\"en-US\"},{\"@type\":\"Organization\",\"@id\":\"https:\/\/preprod-girasole.bleu122.com\/en\/#organization\",\"name\":\"GIRASOLE ENERGIES - Producteur ind\u00e9pendant d'\u00e9lectricit\u00e9 photovolta\u00efque\",\"url\":\"https:\/\/preprod-girasole.bleu122.com\/en\/\",\"logo\":{\"@type\":\"ImageObject\",\"inLanguage\":\"en-US\",\"@id\":\"https:\/\/preprod-girasole.bleu122.com\/en\/#\/schema\/logo\/image\/\",\"url\":\"https:\/\/preprod-girasole.bleu122.com\/wp-content\/uploads\/2023\/03\/girasole_energies.svg\",\"contentUrl\":\"https:\/\/preprod-girasole.bleu122.com\/wp-content\/uploads\/2023\/03\/girasole_energies.svg\",\"width\":\"1024\",\"height\":\"1024\",\"caption\":\"GIRASOLE ENERGIES - Producteur ind\u00e9pendant d'\u00e9lectricit\u00e9 photovolta\u00efque\"},\"image\":{\"@id\":\"https:\/\/preprod-girasole.bleu122.com\/en\/#\/schema\/logo\/image\/\"},\"sameAs\":[\"https:\/\/www.linkedin.com\/company\/girasole-energies\/\"]}]}<\/script>\n<!-- \/ Yoast SEO plugin. -->","yoast_head_json":{"title":"News - GIRASOLE ENERGIES","robots":{"index":"noindex","follow":"follow","max-snippet":"max-snippet:-1","max-image-preview":"max-image-preview:large","max-video-preview":"max-video-preview:-1"},"twitter_card":"summary_large_image","twitter_title":"News - GIRASOLE ENERGIES","twitter_description":"All Blog Event Inauguration Press release Other \u00c9v\u00e9nement Girasole Energies au EnerJ-meeting 2026 au Carrousel du Louvre 16 f\u00e9vrier 2026 Blog FAQ : 10 questions que se posent les dirigeants sur le solaire en entreprise 10 f\u00e9vrier 2026 \u00c9v\u00e9nement Partenariat maintenance photovolta\u00efque Girasole Energies &#038; Solstyce 3 f\u00e9vrier 2026 Blog Qu\u2019est-ce qu\u2019un Power Purchase Agreement [&hellip;]","twitter_image":"https:\/\/preprod-girasole.bleu122.com\/wp-content\/uploads\/2026\/02\/girasole-energies-enerj-meeting-2026-conference-autoconsommation-scaled.jpeg","twitter_misc":{"Est. reading time":"10 minutes"},"schema":{"@context":"https:\/\/schema.org","@graph":[{"@type":"WebPage","@id":"https:\/\/preprod-girasole.bleu122.com\/en\/news\/","url":"https:\/\/preprod-girasole.bleu122.com\/en\/news\/","name":"News - GIRASOLE ENERGIES","isPartOf":{"@id":"https:\/\/preprod-girasole.bleu122.com\/en\/#website"},"datePublished":"2025-03-17T10:33:36+00:00","dateModified":"2026-03-13T15:33:13+00:00","breadcrumb":{"@id":"https:\/\/preprod-girasole.bleu122.com\/en\/news\/#breadcrumb"},"inLanguage":"en-US","potentialAction":[{"@type":"ReadAction","target":["https:\/\/preprod-girasole.bleu122.com\/en\/news\/"]}]},{"@type":"BreadcrumbList","@id":"https:\/\/preprod-girasole.bleu122.com\/en\/news\/#breadcrumb","itemListElement":[{"@type":"ListItem","position":1,"name":"Accueil","item":"https:\/\/preprod-girasole.bleu122.com\/en\/"},{"@type":"ListItem","position":2,"name":"News"}]},{"@type":"WebSite","@id":"https:\/\/preprod-girasole.bleu122.com\/en\/#website","url":"https:\/\/preprod-girasole.bleu122.com\/en\/","name":"GIRASOLE ENERGIES - Producteur ind\u00e9pendant d'\u00e9lectricit\u00e9 photovolta\u00efque","description":"Producteur ind\u00e9pendant d&#039;\u00e9lectricit\u00e9 photovolta\u00efque","publisher":{"@id":"https:\/\/preprod-girasole.bleu122.com\/en\/#organization"},"potentialAction":[{"@type":"SearchAction","target":{"@type":"EntryPoint","urlTemplate":"https:\/\/preprod-girasole.bleu122.com\/en\/?s={search_term_string}"},"query-input":"required name=search_term_string"}],"inLanguage":"en-US"},{"@type":"Organization","@id":"https:\/\/preprod-girasole.bleu122.com\/en\/#organization","name":"GIRASOLE ENERGIES - Producteur ind\u00e9pendant d'\u00e9lectricit\u00e9 photovolta\u00efque","url":"https:\/\/preprod-girasole.bleu122.com\/en\/","logo":{"@type":"ImageObject","inLanguage":"en-US","@id":"https:\/\/preprod-girasole.bleu122.com\/en\/#\/schema\/logo\/image\/","url":"https:\/\/preprod-girasole.bleu122.com\/wp-content\/uploads\/2023\/03\/girasole_energies.svg","contentUrl":"https:\/\/preprod-girasole.bleu122.com\/wp-content\/uploads\/2023\/03\/girasole_energies.svg","width":"1024","height":"1024","caption":"GIRASOLE ENERGIES - Producteur ind\u00e9pendant d'\u00e9lectricit\u00e9 photovolta\u00efque"},"image":{"@id":"https:\/\/preprod-girasole.bleu122.com\/en\/#\/schema\/logo\/image\/"},"sameAs":["https:\/\/www.linkedin.com\/company\/girasole-energies\/"]}]}},"_links":{"self":[{"href":"https:\/\/preprod-girasole.bleu122.com\/en\/wp-json\/wp\/v2\/pages\/11399","targetHints":{"allow":["GET"]}}],"collection":[{"href":"https:\/\/preprod-girasole.bleu122.com\/en\/wp-json\/wp\/v2\/pages"}],"about":[{"href":"https:\/\/preprod-girasole.bleu122.com\/en\/wp-json\/wp\/v2\/types\/page"}],"author":[{"embeddable":true,"href":"https:\/\/preprod-girasole.bleu122.com\/en\/wp-json\/wp\/v2\/users\/1"}],"replies":[{"embeddable":true,"href":"https:\/\/preprod-girasole.bleu122.com\/en\/wp-json\/wp\/v2\/comments?post=11399"}],"version-history":[{"count":1,"href":"https:\/\/preprod-girasole.bleu122.com\/en\/wp-json\/wp\/v2\/pages\/11399\/revisions"}],"predecessor-version":[{"id":11402,"href":"https:\/\/preprod-girasole.bleu122.com\/en\/wp-json\/wp\/v2\/pages\/11399\/revisions\/11402"}],"wp:attachment":[{"href":"https:\/\/preprod-girasole.bleu122.com\/en\/wp-json\/wp\/v2\/media?parent=11399"}],"wp:term":[{"taxonomy":"category","embeddable":true,"href":"https:\/\/preprod-girasole.bleu122.com\/en\/wp-json\/wp\/v2\/categories?post=11399"},{"taxonomy":"post_tag","embeddable":true,"href":"https:\/\/preprod-girasole.bleu122.com\/en\/wp-json\/wp\/v2\/tags?post=11399"}],"curies":[{"name":"wp","href":"https:\/\/api.w.org\/{rel}","templated":true}]}}