{"id":11405,"date":"2025-03-12T14:52:15","date_gmt":"2025-03-12T13:52:15","guid":{"rendered":"https:\/\/preprod-girasole.bleu122.com\/contact\/"},"modified":"2026-03-13T16:33:38","modified_gmt":"2026-03-13T15:33:38","slug":"contact","status":"publish","type":"page","link":"https:\/\/preprod-girasole.bleu122.com\/en\/contact\/","title":{"rendered":"Contact"},"content":{"rendered":"\t\t<div data-elementor-type=\"wp-page\" data-elementor-id=\"11405\" class=\"elementor elementor-11405 elementor-6398\" data-elementor-post-type=\"page\">\n\t\t\t\t<div class=\"elementor-element elementor-element-4bacd5e2 e-flex e-con-boxed e-con e-parent\" data-id=\"4bacd5e2\" data-element_type=\"container\" data-settings=\"{&quot;background_background&quot;:&quot;classic&quot;}\">\n\t\t\t\t\t<div class=\"e-con-inner\">\n\t\t<div class=\"elementor-element elementor-element-273601b9 e-con-full e-flex e-con e-child\" data-id=\"273601b9\" data-element_type=\"container\">\n\t\t\t\t<div class=\"elementor-element elementor-element-13eaadf5 elementor-widget elementor-widget-heading\" data-id=\"13eaadf5\" data-element_type=\"widget\" data-widget_type=\"heading.default\">\n\t\t\t\t<div class=\"elementor-widget-container\">\n\t\t\t\t\t<h2 class=\"elementor-heading-title elementor-size-default\">Contact us<\/h2>\t\t\t\t<\/div>\n\t\t\t\t<\/div>\n\t\t\t\t<\/div>\n\t\t\t\t\t<\/div>\n\t\t\t\t<\/div>\n\t\t<div class=\"elementor-element elementor-element-6044e9f e-flex e-con-boxed e-con e-parent\" data-id=\"6044e9f\" data-element_type=\"container\" data-settings=\"{&quot;background_background&quot;:&quot;classic&quot;}\">\n\t\t\t\t\t<div class=\"e-con-inner\">\n\t\t<div class=\"elementor-element elementor-element-a9cea48 e-con-full e-flex e-con e-child\" data-id=\"a9cea48\" data-element_type=\"container\">\n\t\t\t\t<div class=\"elementor-element elementor-element-3ba41e4 elementor-widget elementor-widget-heading\" data-id=\"3ba41e4\" data-element_type=\"widget\" data-widget_type=\"heading.default\">\n\t\t\t\t<div class=\"elementor-widget-container\">\n\t\t\t\t\t<h5 class=\"elementor-heading-title elementor-size-default\">Send us a message<\/h5>\t\t\t\t<\/div>\n\t\t\t\t<\/div>\n\t\t<div class=\"elementor-element elementor-element-a403e97 e-con-full e-flex e-con e-child\" data-id=\"a403e97\" data-element_type=\"container\" data-settings=\"{&quot;background_background&quot;:&quot;classic&quot;}\">\n\t\t\t\t<div class=\"elementor-element elementor-element-3f42583 elementor-button-align-center elementor-widget elementor-widget-form\" data-id=\"3f42583\" data-element_type=\"widget\" data-settings=\"{&quot;step_next_label&quot;:&quot;Next&quot;,&quot;step_previous_label&quot;:&quot;Previous&quot;,&quot;step_type&quot;:&quot;number_text&quot;,&quot;step_icon_shape&quot;:&quot;circle&quot;}\" data-widget_type=\"form.default\">\n\t\t\t\t<div class=\"elementor-widget-container\">\n\t\t\t\t\t\t\t<form class=\"elementor-form\" method=\"post\" name=\"New form\">\n\t\t\t<input type=\"hidden\" name=\"post_id\" value=\"11405\"\/>\n\t\t\t<input type=\"hidden\" name=\"form_id\" value=\"3f42583\"\/>\n\t\t\t<input type=\"hidden\" name=\"referer_title\" value=\"Contact - GIRASOLE ENERGIES\" \/>\n\n\t\t\t\t\t\t\t<input type=\"hidden\" name=\"queried_id\" value=\"11405\"\/>\n\t\t\t\n\t\t\t<div class=\"elementor-form-fields-wrapper elementor-labels-above\">\n\t\t\t\t\t\t\t\t<div class=\"elementor-field-type-text elementor-field-group elementor-column elementor-field-group-name elementor-col-50\">\n\t\t\t\t\t\t\t\t\t\t\t\t<label for=\"form-field-name\" class=\"elementor-field-label\">\n\t\t\t\t\t\t\t\tName\t\t\t\t\t\t\t<\/label>\n\t\t\t\t\t\t\t\t\t\t\t\t\t\t<input size=\"1\" type=\"text\" name=\"form_fields[name]\" id=\"form-field-name\" class=\"elementor-field elementor-size-sm  elementor-field-textual\" placeholder=\"Name\">\n\t\t\t\t\t\t\t\t\t\t\t<\/div>\n\t\t\t\t\t\t\t\t<div class=\"elementor-field-type-text elementor-field-group elementor-column elementor-field-group-field_434083a elementor-col-50\">\n\t\t\t\t\t\t\t\t\t\t\t\t<label for=\"form-field-field_434083a\" class=\"elementor-field-label\">\n\t\t\t\t\t\t\t\tFirst name\t\t\t\t\t\t\t<\/label>\n\t\t\t\t\t\t\t\t\t\t\t\t\t\t<input size=\"1\" type=\"text\" name=\"form_fields[field_434083a]\" id=\"form-field-field_434083a\" class=\"elementor-field elementor-size-sm  elementor-field-textual\" placeholder=\"First name\">\n\t\t\t\t\t\t\t\t\t\t\t<\/div>\n\t\t\t\t\t\t\t\t<div class=\"elementor-field-type-email elementor-field-group elementor-column elementor-field-group-email elementor-col-50 elementor-field-required elementor-mark-required\">\n\t\t\t\t\t\t\t\t\t\t\t\t<label for=\"form-field-email\" class=\"elementor-field-label\">\n\t\t\t\t\t\t\t\tE-mail\t\t\t\t\t\t\t<\/label>\n\t\t\t\t\t\t\t\t\t\t\t\t\t\t<input size=\"1\" type=\"email\" name=\"form_fields[email]\" id=\"form-field-email\" class=\"elementor-field elementor-size-sm  elementor-field-textual\" placeholder=\"E-mail\" required=\"required\">\n\t\t\t\t\t\t\t\t\t\t\t<\/div>\n\t\t\t\t\t\t\t\t<div class=\"elementor-field-type-tel elementor-field-group elementor-column elementor-field-group-field_981e30e elementor-col-50\">\n\t\t\t\t\t\t\t\t\t\t\t\t<label for=\"form-field-field_981e30e\" class=\"elementor-field-label\">\n\t\t\t\t\t\t\t\tTel.\t\t\t\t\t\t\t<\/label>\n\t\t\t\t\t\t\t\t<input size=\"1\" type=\"tel\" name=\"form_fields[field_981e30e]\" id=\"form-field-field_981e30e\" class=\"elementor-field elementor-size-sm  elementor-field-textual\" placeholder=\"Tel.\" pattern=\"[0-9()#&amp;+*-=.]+\" title=\"Only numbers and phone characters (#, -, *, etc) are accepted.\">\n\n\t\t\t\t\t\t<\/div>\n\t\t\t\t\t\t\t\t<div class=\"elementor-field-type-textarea elementor-field-group elementor-column elementor-field-group-message elementor-col-100\">\n\t\t\t\t\t\t\t\t\t\t\t\t<label for=\"form-field-message\" class=\"elementor-field-label\">\n\t\t\t\t\t\t\t\tMessage\t\t\t\t\t\t\t<\/label>\n\t\t\t\t\t\t<textarea class=\"elementor-field-textual elementor-field  elementor-size-sm\" name=\"form_fields[message]\" id=\"form-field-message\" rows=\"4\" placeholder=\"Message\"><\/textarea>\t\t\t\t<\/div>\n\t\t\t\t\t\t\t\t<div class=\"elementor-field-group elementor-column elementor-field-type-submit elementor-col-100 e-form__buttons\">\n\t\t\t\t\t<button class=\"elementor-button elementor-size-sm\" type=\"submit\">\n\t\t\t\t\t\t<span class=\"elementor-button-content-wrapper\">\n\t\t\t\t\t\t\t\t\t\t\t\t\t\t\t\t\t\t\t\t\t\t<span class=\"elementor-button-text\">Send<\/span>\n\t\t\t\t\t\t\t\t\t\t\t\t\t<\/span>\n\t\t\t\t\t<\/button>\n\t\t\t\t<\/div>\n\t\t\t<\/div>\n\t\t<\/form>\n\t\t\t\t\t\t<\/div>\n\t\t\t\t<\/div>\n\t\t\t\t<\/div>\n\t\t\t\t<\/div>\n\t\t\t\t\t<\/div>\n\t\t\t\t<\/div>\n\t\t<div class=\"elementor-element elementor-element-7d0c78d e-flex e-con-boxed e-con e-parent\" data-id=\"7d0c78d\" data-element_type=\"container\">\n\t\t\t\t\t<div class=\"e-con-inner\">\n\t\t<div class=\"elementor-element elementor-element-9e44881 e-con-full e-flex e-con e-child\" data-id=\"9e44881\" data-element_type=\"container\">\n\t\t\t\t<div class=\"elementor-element elementor-element-a63671f elementor-widget elementor-widget-heading\" data-id=\"a63671f\" data-element_type=\"widget\" data-widget_type=\"heading.default\">\n\t\t\t\t<div class=\"elementor-widget-container\">\n\t\t\t\t\t<h4 class=\"elementor-heading-title elementor-size-default\">Find us<\/h4>\t\t\t\t<\/div>\n\t\t\t\t<\/div>\n\t\t<div class=\"elementor-element elementor-element-496be71 e-con-full e-flex e-con e-child\" data-id=\"496be71\" data-element_type=\"container\">\n\t\t<div class=\"elementor-element elementor-element-0e9d4ab e-con-full e-flex e-con e-child\" data-id=\"0e9d4ab\" data-element_type=\"container\">\n\t\t\t\t<div class=\"elementor-element elementor-element-005be7a elementor-widget-mobile__width-inherit elementor-widget elementor-widget-image\" data-id=\"005be7a\" data-element_type=\"widget\" data-widget_type=\"image.default\">\n\t\t\t\t<div class=\"elementor-widget-container\">\n\t\t\t\t\t\t\t\t\t\t\t\t\t\t\t<img fetchpriority=\"high\" decoding=\"async\" width=\"240\" height=\"240\" src=\"https:\/\/preprod-girasole.bleu122.com\/wp-content\/uploads\/2025\/03\/Paris.png\" class=\"attachment-large size-large wp-image-11403\" alt=\"\" srcset=\"https:\/\/preprod-girasole.bleu122.com\/wp-content\/uploads\/2025\/03\/Paris.png 240w, https:\/\/preprod-girasole.bleu122.com\/wp-content\/uploads\/2025\/03\/Paris-150x150.png 150w\" sizes=\"(max-width: 240px) 100vw, 240px\" \/>\t\t\t\t\t\t\t\t\t\t\t\t\t\t\t<\/div>\n\t\t\t\t<\/div>\n\t\t\t\t<div class=\"elementor-element elementor-element-190810b elementor-widget elementor-widget-heading\" data-id=\"190810b\" data-element_type=\"widget\" data-widget_type=\"heading.default\">\n\t\t\t\t<div class=\"elementor-widget-container\">\n\t\t\t\t\t<h5 class=\"elementor-heading-title elementor-size-default\">Paris<\/h5>\t\t\t\t<\/div>\n\t\t\t\t<\/div>\n\t\t\t\t<div class=\"elementor-element elementor-element-4ca99fe elementor-widget elementor-widget-text-editor\" data-id=\"4ca99fe\" data-element_type=\"widget\" data-widget_type=\"text-editor.default\">\n\t\t\t\t<div class=\"elementor-widget-container\">\n\t\t\t\t\t\t\t\t\t<p><strong>Our head office<\/strong><br>77 Rue Marcel Dassault<br>92100 Boulogne-Billancourt<br>01 84 19 74 15<\/p>\t\t\t\t\t\t\t\t<\/div>\n\t\t\t\t<\/div>\n\t\t\t\t<\/div>\n\t\t<div class=\"elementor-element elementor-element-a420665 e-con-full e-flex e-con e-child\" data-id=\"a420665\" data-element_type=\"container\">\n\t\t\t\t<div class=\"elementor-element elementor-element-85a5e9a elementor-widget-mobile__width-inherit elementor-widget elementor-widget-image\" data-id=\"85a5e9a\" data-element_type=\"widget\" data-widget_type=\"image.default\">\n\t\t\t\t<div class=\"elementor-widget-container\">\n\t\t\t\t\t\t\t\t\t\t\t\t\t\t\t<img decoding=\"async\" width=\"240\" height=\"240\" src=\"https:\/\/preprod-girasole.bleu122.com\/wp-content\/uploads\/2025\/03\/Autres.png\" class=\"attachment-large size-large wp-image-11404\" alt=\"\" srcset=\"https:\/\/preprod-girasole.bleu122.com\/wp-content\/uploads\/2025\/03\/Autres.png 240w, https:\/\/preprod-girasole.bleu122.com\/wp-content\/uploads\/2025\/03\/Autres-150x150.png 150w\" sizes=\"(max-width: 240px) 100vw, 240px\" \/>\t\t\t\t\t\t\t\t\t\t\t\t\t\t\t<\/div>\n\t\t\t\t<\/div>\n\t\t\t\t<div class=\"elementor-element elementor-element-0733f24 elementor-widget elementor-widget-heading\" data-id=\"0733f24\" data-element_type=\"widget\" data-widget_type=\"heading.default\">\n\t\t\t\t<div class=\"elementor-widget-container\">\n\t\t\t\t\t<h5 class=\"elementor-heading-title elementor-size-default\">Toulouse<\/h5>\t\t\t\t<\/div>\n\t\t\t\t<\/div>\n\t\t\t\t<div class=\"elementor-element elementor-element-37dabb6 elementor-widget elementor-widget-text-editor\" data-id=\"37dabb6\" data-element_type=\"widget\" data-widget_type=\"text-editor.default\">\n\t\t\t\t<div class=\"elementor-widget-container\">\n\t\t\t\t\t\t\t\t\t<p>3 Rue Antoine Lavoisier<br>Launaguet, France<br>01 84 19 74 15<\/p>\t\t\t\t\t\t\t\t<\/div>\n\t\t\t\t<\/div>\n\t\t\t\t<\/div>\n\t\t<div class=\"elementor-element elementor-element-bb3bf5a e-con-full e-flex e-con e-child\" data-id=\"bb3bf5a\" data-element_type=\"container\">\n\t\t\t\t<div class=\"elementor-element elementor-element-52f6993 elementor-widget-mobile__width-inherit elementor-widget elementor-widget-image\" data-id=\"52f6993\" data-element_type=\"widget\" data-widget_type=\"image.default\">\n\t\t\t\t<div class=\"elementor-widget-container\">\n\t\t\t\t\t\t\t\t\t\t\t\t\t\t\t<img decoding=\"async\" width=\"240\" height=\"240\" src=\"https:\/\/preprod-girasole.bleu122.com\/wp-content\/uploads\/2025\/03\/Autres.png\" class=\"attachment-large size-large wp-image-11404\" alt=\"\" srcset=\"https:\/\/preprod-girasole.bleu122.com\/wp-content\/uploads\/2025\/03\/Autres.png 240w, https:\/\/preprod-girasole.bleu122.com\/wp-content\/uploads\/2025\/03\/Autres-150x150.png 150w\" sizes=\"(max-width: 240px) 100vw, 240px\" \/>\t\t\t\t\t\t\t\t\t\t\t\t\t\t\t<\/div>\n\t\t\t\t<\/div>\n\t\t\t\t<div class=\"elementor-element elementor-element-e663ba1 elementor-widget elementor-widget-heading\" data-id=\"e663ba1\" data-element_type=\"widget\" data-widget_type=\"heading.default\">\n\t\t\t\t<div class=\"elementor-widget-container\">\n\t\t\t\t\t<h5 class=\"elementor-heading-title elementor-size-default\">Marseille<\/h5>\t\t\t\t<\/div>\n\t\t\t\t<\/div>\n\t\t\t\t<div class=\"elementor-element elementor-element-39d4dd1 elementor-widget elementor-widget-text-editor\" data-id=\"39d4dd1\" data-element_type=\"widget\" data-widget_type=\"text-editor.default\">\n\t\t\t\t<div class=\"elementor-widget-container\">\n\t\t\t\t\t\t\t\t\t<p>2 Rue Henri Barbusse<br>World Trade Center<br>13001 Marseille <br>01 84 19 74 15<\/p>\t\t\t\t\t\t\t\t<\/div>\n\t\t\t\t<\/div>\n\t\t\t\t<\/div>\n\t\t<div class=\"elementor-element elementor-element-c84965c e-con-full e-flex e-con e-child\" data-id=\"c84965c\" data-element_type=\"container\">\n\t\t\t\t<div class=\"elementor-element elementor-element-101f532 elementor-widget-mobile__width-inherit elementor-widget elementor-widget-image\" data-id=\"101f532\" data-element_type=\"widget\" data-widget_type=\"image.default\">\n\t\t\t\t<div class=\"elementor-widget-container\">\n\t\t\t\t\t\t\t\t\t\t\t\t\t\t\t<img decoding=\"async\" width=\"240\" height=\"240\" src=\"https:\/\/preprod-girasole.bleu122.com\/wp-content\/uploads\/2025\/03\/Autres.png\" class=\"attachment-large size-large wp-image-11404\" alt=\"\" srcset=\"https:\/\/preprod-girasole.bleu122.com\/wp-content\/uploads\/2025\/03\/Autres.png 240w, https:\/\/preprod-girasole.bleu122.com\/wp-content\/uploads\/2025\/03\/Autres-150x150.png 150w\" sizes=\"(max-width: 240px) 100vw, 240px\" \/>\t\t\t\t\t\t\t\t\t\t\t\t\t\t\t<\/div>\n\t\t\t\t<\/div>\n\t\t\t\t<div class=\"elementor-element elementor-element-d412d32 elementor-widget elementor-widget-heading\" data-id=\"d412d32\" data-element_type=\"widget\" data-widget_type=\"heading.default\">\n\t\t\t\t<div class=\"elementor-widget-container\">\n\t\t\t\t\t<h5 class=\"elementor-heading-title elementor-size-default\">Corsica<\/h5>\t\t\t\t<\/div>\n\t\t\t\t<\/div>\n\t\t\t\t<div class=\"elementor-element elementor-element-b8b6083 elementor-widget elementor-widget-text-editor\" data-id=\"b8b6083\" data-element_type=\"widget\" data-widget_type=\"text-editor.default\">\n\t\t\t\t<div class=\"elementor-widget-container\">\n\t\t\t\t\t\t\t\t\t<p>Z.I. d&#8217;ERBAJOLO<br>Lieu-dit Pastoreccia<br>20600 Bastia<br>07 87 90 65 59<\/p>\t\t\t\t\t\t\t\t<\/div>\n\t\t\t\t<\/div>\n\t\t\t\t<\/div>\n\t\t\t\t<\/div>\n\t\t\t\t<\/div>\n\t\t\t\t\t<\/div>\n\t\t\t\t<\/div>\n\t\t\t\t<\/div>\n\t\t","protected":false},"excerpt":{"rendered":"<p>Contact us Send us a message Find us Paris Our head office77 Rue Marcel Dassault92100 Boulogne-Billancourt01 84 19 74 15 Toulouse 3 Rue Antoine LavoisierLaunaguet, France01 84 19 74 15 Marseille 2 Rue Henri BarbusseWorld Trade Center13001 Marseille 01 84 19 74 15 Corsica Z.I. d&#8217;ERBAJOLOLieu-dit Pastoreccia20600 Bastia07 87 90 65 59<\/p>\n","protected":false},"author":1,"featured_media":0,"parent":0,"menu_order":0,"comment_status":"closed","ping_status":"closed","template":"","meta":{"_acf_changed":false,"content-type":"","inline_featured_image":false,"footnotes":""},"categories":[],"tags":[],"class_list":["post-11405","page","type-page","status-publish","hentry"],"acf":[],"yoast_head":"<!-- This site is optimized with the Yoast SEO plugin v22.0 - https:\/\/yoast.com\/wordpress\/plugins\/seo\/ -->\n<title>Contact - GIRASOLE ENERGIES<\/title>\n<meta name=\"robots\" content=\"noindex, follow, max-snippet:-1, max-image-preview:large, max-video-preview:-1\" \/>\n<meta name=\"twitter:card\" content=\"summary_large_image\" \/>\n<meta name=\"twitter:title\" content=\"Contact - GIRASOLE ENERGIES\" \/>\n<meta name=\"twitter:description\" content=\"Contact us Send us a message Find us Paris Our head office77 Rue Marcel Dassault92100 Boulogne-Billancourt01 84 19 74 15 Toulouse 3 Rue Antoine LavoisierLaunaguet, France01 84 19 74 15 Marseille 2 Rue Henri BarbusseWorld Trade Center13001 Marseille 01 84 19 74 15 Corsica Z.I. d&#8217;ERBAJOLOLieu-dit Pastoreccia20600 Bastia07 87 90 65 59\" \/>\n<meta name=\"twitter:image\" content=\"https:\/\/preprod-girasole.bleu122.com\/wp-content\/uploads\/2025\/03\/Paris.png\" \/>\n<script type=\"application\/ld+json\" class=\"yoast-schema-graph\">{\"@context\":\"https:\/\/schema.org\",\"@graph\":[{\"@type\":\"WebPage\",\"@id\":\"https:\/\/preprod-girasole.bleu122.com\/en\/contact\/\",\"url\":\"https:\/\/preprod-girasole.bleu122.com\/en\/contact\/\",\"name\":\"Contact - GIRASOLE ENERGIES\",\"isPartOf\":{\"@id\":\"https:\/\/preprod-girasole.bleu122.com\/en\/#website\"},\"datePublished\":\"2025-03-12T13:52:15+00:00\",\"dateModified\":\"2026-03-13T15:33:38+00:00\",\"breadcrumb\":{\"@id\":\"https:\/\/preprod-girasole.bleu122.com\/en\/contact\/#breadcrumb\"},\"inLanguage\":\"en-US\",\"potentialAction\":[{\"@type\":\"ReadAction\",\"target\":[\"https:\/\/preprod-girasole.bleu122.com\/en\/contact\/\"]}]},{\"@type\":\"BreadcrumbList\",\"@id\":\"https:\/\/preprod-girasole.bleu122.com\/en\/contact\/#breadcrumb\",\"itemListElement\":[{\"@type\":\"ListItem\",\"position\":1,\"name\":\"Accueil\",\"item\":\"https:\/\/preprod-girasole.bleu122.com\/en\/\"},{\"@type\":\"ListItem\",\"position\":2,\"name\":\"Contact\"}]},{\"@type\":\"WebSite\",\"@id\":\"https:\/\/preprod-girasole.bleu122.com\/en\/#website\",\"url\":\"https:\/\/preprod-girasole.bleu122.com\/en\/\",\"name\":\"GIRASOLE ENERGIES - Producteur ind\u00e9pendant d'\u00e9lectricit\u00e9 photovolta\u00efque\",\"description\":\"Producteur ind\u00e9pendant d&#039;\u00e9lectricit\u00e9 photovolta\u00efque\",\"publisher\":{\"@id\":\"https:\/\/preprod-girasole.bleu122.com\/en\/#organization\"},\"potentialAction\":[{\"@type\":\"SearchAction\",\"target\":{\"@type\":\"EntryPoint\",\"urlTemplate\":\"https:\/\/preprod-girasole.bleu122.com\/en\/?s={search_term_string}\"},\"query-input\":\"required name=search_term_string\"}],\"inLanguage\":\"en-US\"},{\"@type\":\"Organization\",\"@id\":\"https:\/\/preprod-girasole.bleu122.com\/en\/#organization\",\"name\":\"GIRASOLE ENERGIES - Producteur ind\u00e9pendant d'\u00e9lectricit\u00e9 photovolta\u00efque\",\"url\":\"https:\/\/preprod-girasole.bleu122.com\/en\/\",\"logo\":{\"@type\":\"ImageObject\",\"inLanguage\":\"en-US\",\"@id\":\"https:\/\/preprod-girasole.bleu122.com\/en\/#\/schema\/logo\/image\/\",\"url\":\"https:\/\/preprod-girasole.bleu122.com\/wp-content\/uploads\/2023\/03\/girasole_energies.svg\",\"contentUrl\":\"https:\/\/preprod-girasole.bleu122.com\/wp-content\/uploads\/2023\/03\/girasole_energies.svg\",\"width\":\"1024\",\"height\":\"1024\",\"caption\":\"GIRASOLE ENERGIES - Producteur ind\u00e9pendant d'\u00e9lectricit\u00e9 photovolta\u00efque\"},\"image\":{\"@id\":\"https:\/\/preprod-girasole.bleu122.com\/en\/#\/schema\/logo\/image\/\"},\"sameAs\":[\"https:\/\/www.linkedin.com\/company\/girasole-energies\/\"]}]}<\/script>\n<!-- \/ Yoast SEO plugin. -->","yoast_head_json":{"title":"Contact - GIRASOLE ENERGIES","robots":{"index":"noindex","follow":"follow","max-snippet":"max-snippet:-1","max-image-preview":"max-image-preview:large","max-video-preview":"max-video-preview:-1"},"twitter_card":"summary_large_image","twitter_title":"Contact - GIRASOLE ENERGIES","twitter_description":"Contact us Send us a message Find us Paris Our head office77 Rue Marcel Dassault92100 Boulogne-Billancourt01 84 19 74 15 Toulouse 3 Rue Antoine LavoisierLaunaguet, France01 84 19 74 15 Marseille 2 Rue Henri BarbusseWorld Trade Center13001 Marseille 01 84 19 74 15 Corsica Z.I. d&#8217;ERBAJOLOLieu-dit Pastoreccia20600 Bastia07 87 90 65 59","twitter_image":"https:\/\/preprod-girasole.bleu122.com\/wp-content\/uploads\/2025\/03\/Paris.png","schema":{"@context":"https:\/\/schema.org","@graph":[{"@type":"WebPage","@id":"https:\/\/preprod-girasole.bleu122.com\/en\/contact\/","url":"https:\/\/preprod-girasole.bleu122.com\/en\/contact\/","name":"Contact - GIRASOLE ENERGIES","isPartOf":{"@id":"https:\/\/preprod-girasole.bleu122.com\/en\/#website"},"datePublished":"2025-03-12T13:52:15+00:00","dateModified":"2026-03-13T15:33:38+00:00","breadcrumb":{"@id":"https:\/\/preprod-girasole.bleu122.com\/en\/contact\/#breadcrumb"},"inLanguage":"en-US","potentialAction":[{"@type":"ReadAction","target":["https:\/\/preprod-girasole.bleu122.com\/en\/contact\/"]}]},{"@type":"BreadcrumbList","@id":"https:\/\/preprod-girasole.bleu122.com\/en\/contact\/#breadcrumb","itemListElement":[{"@type":"ListItem","position":1,"name":"Accueil","item":"https:\/\/preprod-girasole.bleu122.com\/en\/"},{"@type":"ListItem","position":2,"name":"Contact"}]},{"@type":"WebSite","@id":"https:\/\/preprod-girasole.bleu122.com\/en\/#website","url":"https:\/\/preprod-girasole.bleu122.com\/en\/","name":"GIRASOLE ENERGIES - Producteur ind\u00e9pendant d'\u00e9lectricit\u00e9 photovolta\u00efque","description":"Producteur ind\u00e9pendant d&#039;\u00e9lectricit\u00e9 photovolta\u00efque","publisher":{"@id":"https:\/\/preprod-girasole.bleu122.com\/en\/#organization"},"potentialAction":[{"@type":"SearchAction","target":{"@type":"EntryPoint","urlTemplate":"https:\/\/preprod-girasole.bleu122.com\/en\/?s={search_term_string}"},"query-input":"required name=search_term_string"}],"inLanguage":"en-US"},{"@type":"Organization","@id":"https:\/\/preprod-girasole.bleu122.com\/en\/#organization","name":"GIRASOLE ENERGIES - Producteur ind\u00e9pendant d'\u00e9lectricit\u00e9 photovolta\u00efque","url":"https:\/\/preprod-girasole.bleu122.com\/en\/","logo":{"@type":"ImageObject","inLanguage":"en-US","@id":"https:\/\/preprod-girasole.bleu122.com\/en\/#\/schema\/logo\/image\/","url":"https:\/\/preprod-girasole.bleu122.com\/wp-content\/uploads\/2023\/03\/girasole_energies.svg","contentUrl":"https:\/\/preprod-girasole.bleu122.com\/wp-content\/uploads\/2023\/03\/girasole_energies.svg","width":"1024","height":"1024","caption":"GIRASOLE ENERGIES - Producteur ind\u00e9pendant d'\u00e9lectricit\u00e9 photovolta\u00efque"},"image":{"@id":"https:\/\/preprod-girasole.bleu122.com\/en\/#\/schema\/logo\/image\/"},"sameAs":["https:\/\/www.linkedin.com\/company\/girasole-energies\/"]}]}},"_links":{"self":[{"href":"https:\/\/preprod-girasole.bleu122.com\/en\/wp-json\/wp\/v2\/pages\/11405","targetHints":{"allow":["GET"]}}],"collection":[{"href":"https:\/\/preprod-girasole.bleu122.com\/en\/wp-json\/wp\/v2\/pages"}],"about":[{"href":"https:\/\/preprod-girasole.bleu122.com\/en\/wp-json\/wp\/v2\/types\/page"}],"author":[{"embeddable":true,"href":"https:\/\/preprod-girasole.bleu122.com\/en\/wp-json\/wp\/v2\/users\/1"}],"replies":[{"embeddable":true,"href":"https:\/\/preprod-girasole.bleu122.com\/en\/wp-json\/wp\/v2\/comments?post=11405"}],"version-history":[{"count":2,"href":"https:\/\/preprod-girasole.bleu122.com\/en\/wp-json\/wp\/v2\/pages\/11405\/revisions"}],"predecessor-version":[{"id":11407,"href":"https:\/\/preprod-girasole.bleu122.com\/en\/wp-json\/wp\/v2\/pages\/11405\/revisions\/11407"}],"wp:attachment":[{"href":"https:\/\/preprod-girasole.bleu122.com\/en\/wp-json\/wp\/v2\/media?parent=11405"}],"wp:term":[{"taxonomy":"category","embeddable":true,"href":"https:\/\/preprod-girasole.bleu122.com\/en\/wp-json\/wp\/v2\/categories?post=11405"},{"taxonomy":"post_tag","embeddable":true,"href":"https:\/\/preprod-girasole.bleu122.com\/en\/wp-json\/wp\/v2\/tags?post=11405"}],"curies":[{"name":"wp","href":"https:\/\/api.w.org\/{rel}","templated":true}]}}